{"id":829,"date":"2022-04-07T08:25:51","date_gmt":"2022-04-07T08:25:51","guid":{"rendered":"https:\/\/sophromeditation.fr\/?page_id=829"},"modified":"2022-06-30T10:38:20","modified_gmt":"2022-06-30T10:38:20","slug":"mention-legales-veronique-delaunay","status":"publish","type":"page","link":"https:\/\/sophromeditation.fr\/?page_id=829","title":{"rendered":"Mentions l\u00e9gales"},"content":{"rendered":"\t\t<div data-elementor-type=\"wp-page\" data-elementor-id=\"829\" class=\"elementor elementor-829\">\n\t\t\t\t\t\t<section class=\"elementor-section elementor-top-section elementor-element elementor-element-4e802c5 elementor-section-boxed elementor-section-height-default elementor-section-height-default\" data-id=\"4e802c5\" data-element_type=\"section\" data-e-type=\"section\" data-settings=\"{&quot;background_background&quot;:&quot;classic&quot;}\">\n\t\t\t\t\t\t<div class=\"elementor-container elementor-column-gap-default\">\n\t\t\t\t\t<div class=\"elementor-column elementor-col-100 elementor-top-column elementor-element elementor-element-e3ede66\" data-id=\"e3ede66\" data-element_type=\"column\" data-e-type=\"column\" data-settings=\"{&quot;background_background&quot;:&quot;classic&quot;}\">\n\t\t\t<div class=\"elementor-widget-wrap elementor-element-populated\">\n\t\t\t\t\t\t<div class=\"elementor-element elementor-element-ed22788 elementor-widget elementor-widget-heading\" data-id=\"ed22788\" data-element_type=\"widget\" data-e-type=\"widget\" data-widget_type=\"heading.default\">\n\t\t\t\t<div class=\"elementor-widget-container\">\n\t\t\t\t\t<h4 class=\"elementor-heading-title elementor-size-default\">Mentions l\u00e9gales<\/h4>\t\t\t\t<\/div>\n\t\t\t\t<\/div>\n\t\t\t\t<div class=\"elementor-element elementor-element-2c7c724 elementor-widget elementor-widget-text-editor\" data-id=\"2c7c724\" data-element_type=\"widget\" data-e-type=\"widget\" data-widget_type=\"text-editor.default\">\n\t\t\t\t<div class=\"elementor-widget-container\">\n\t\t\t\t\t\t\t\t\t<div class=\"fusion-text fusion-text-1\">\n\n<strong>Pr\u00e9sentation du site :\n<\/strong>\nConform\u00e9ment aux dispositions des articles 6-III et 19 de la Loi n\u00b0 2004-575 du 21 juin 2004 pour la Confiance dans l\u2019\u00e9conomie num\u00e9rique, dite L.C.E.N., nous portons \u00e0 la connaissance des utilisateurs et visiteurs du site : <a href=\"https:\/\/sophromeditation.fr\/\" rel=\"noopener noreferrer\">www.sophromeditation.fr<\/a> les informations suivantes :\n\n<strong>Informations l\u00e9gales : <\/strong>\n\nStatut du propri\u00e9taire : <strong>Auto entreprise<\/strong>\nNom de la Soci\u00e9t\u00e9 :<strong> Veronique Delaunay <\/strong>\nAdresse : <strong>Bordeaux<\/strong>\nT\u00e9l : <strong>06 70 34 97 75<\/strong>\nSIRET : <strong>&#8212;-<\/strong>\nR.C.S. :<strong> &#8212;- <\/strong>\nAdresse de courrier \u00e9lectronique : <strong>verobio33@hotmail.fr<\/strong>\n\nLe Cr\u00e9ateur du site est : <strong>Les Comm&rsquo;\u00e8res du Cotentin<\/strong>\nLe Responsable de la publication est : <strong>V\u00e9ronique Delaunay<\/strong>\nContactez le responsable de la publication : <strong>verobio33@hotmail.fr<\/strong>\nLe responsable de la publication est une <strong>personne physique<\/strong>\n\nLe Webmaster est :<a href=\"https:\/\/www.comducotentin.fr\"><strong> Les Comm&rsquo;\u00e8res du Cotentin<\/strong><\/a>\nContactez le Webmaster : <strong>contact@comducotentin.fr<\/strong>\nL\u2019h\u00e9bergeur du site est : <strong>Evxoline<\/strong>\n\n<strong>2. Description des services fournis :<\/strong>\n\nLe site <a href=\"https:\/\/www.sophromeditation.fr\" rel=\"noopener noreferrer\">www.sophromeditation.fr<\/a> a pour objet de fournir une information concernant l\u2019ensemble des activit\u00e9s de la soci\u00e9t\u00e9.\nLe propri\u00e9taire du site s\u2019efforce de fournir sur le site <a href=\"https:\/\/www.sophromeditation.fr\" rel=\"noopener noreferrer\">www.sophromeditation.fr<\/a> des informations aussi pr\u00e9cises que possible. Toutefois, il ne pourra \u00eatre tenue responsable des omissions, des inexactitudes et des carences dans la mise \u00e0 jour, qu\u2019elles soient de son fait ou du fait des tiers partenaires qui lui fournissent ces informations.\nTous les informations propos\u00e9es sur le site <a href=\"https:\/\/www.sophromeditation.fr\" rel=\"noopener noreferrer\">www.sophromeditation.fr<\/a> sont donn\u00e9es \u00e0 titre indicatif, sont non exhaustives, et sont susceptibles d\u2019\u00e9voluer. Elles sont donn\u00e9es sous r\u00e9serve de modifications ayant \u00e9t\u00e9 apport\u00e9es depuis leur mise en ligne.\n\n<strong>3. Propri\u00e9t\u00e9 intellectuelle et contrefa\u00e7ons :<\/strong>\n\nLe propri\u00e9taire du site est propri\u00e9taire des droits de propri\u00e9t\u00e9 intellectuelle ou d\u00e9tient les droits d\u2019usage sur tous les \u00e9l\u00e9ments accessibles sur le site, notamment les textes, images, graphismes, logo, ic\u00f4nes, sons, logiciels\u2026\nToute reproduction, repr\u00e9sentation, modification, publication, adaptation totale ou partielle des \u00e9l\u00e9ments du site, quel que soit le moyen ou le proc\u00e9d\u00e9 utilis\u00e9, est interdite, sauf autorisation \u00e9crite pr\u00e9alable \u00e0 l\u2019email : <strong>verobio33@hotmail.fr<\/strong>.\nToute exploitation non autoris\u00e9e du site ou de l\u2019un quelconque de ces \u00e9l\u00e9ments qu\u2019il contient sera consid\u00e9r\u00e9e comme constitutive d\u2019une contrefa\u00e7on et poursuivie conform\u00e9ment aux dispositions des articles L.335-2 et suivants du Code de Propri\u00e9t\u00e9 Intellectuelle.\n\n<strong>4. Liens hypertextes et cookies :<\/strong>\n\nLe site <a href=\"https:\/\/www.sophromeditation.fr\" rel=\"noopener noreferrer\">www.sophromeditation.fr<\/a> contient un certain nombre de liens hypertextes vers d\u2019autres sites (partenaires, informations \u2026) mis en place avec l\u2019autorisation de le propri\u00e9taire du site . Cependant, le propri\u00e9taire du site n\u2019a pas la possibilit\u00e9 de v\u00e9rifier le contenu des sites ainsi visit\u00e9s et d\u00e9cline donc toute responsabilit\u00e9 de ce fait quand aux risques \u00e9ventuels de contenus illicites.\n\nL\u2019utilisateur est inform\u00e9 que lors de ses visites sur le site <a href=\"https:\/\/www.sophromeditation.fr\" rel=\"noopener noreferrer\">www.sophromeditation.fr<\/a>, un ou des cookies sont susceptible de s\u2019installer automatiquement sur son ordinateur. Un cookie est un fichier de petite taille, qui ne permet pas l\u2019identification de l\u2019utilisateur, mais qui enregistre des informations relatives \u00e0 la navigation d\u2019un ordinateur sur un site. Les donn\u00e9es ainsi obtenues visent \u00e0 faciliter la navigation ult\u00e9rieure sur le site, et ont \u00e9galement vocation \u00e0 permettre diverses mesures de fr\u00e9quentation.\n\nLe param\u00e9trage du logiciel de navigation permet d\u2019informer de la pr\u00e9sence de cookie et \u00e9ventuellement, de refuser de la mani\u00e8re d\u00e9crite \u00e0 l\u2019adresse suivante : www.cnil.fr\nLe refus d\u2019installation d\u2019un cookie peut entra\u00eener l\u2019impossibilit\u00e9 d\u2019acc\u00e9der \u00e0 certains services. L\u2019utilisateur peut toutefois configurer son ordinateur de la mani\u00e8re suivante, pour refuser l\u2019installation des cookies :\nSous Internet Explorer : onglet outil \/ options internet. Cliquez sur Confidentialit\u00e9 et choisissez Bloquer tous les cookies. Validez sur Ok.\nSous Netscape : onglet \u00e9dition \/ pr\u00e9f\u00e9rences. Cliquez sur Avanc\u00e9es et choisissez D\u00e9sactiver les cookies. Validez sur Ok.\n\n<strong>5. Protection des biens et des personnes \u2013 gestion des donn\u00e9es personnelles :<\/strong>\n\nUtilisateur : Internaute se connectant, utilisant le site susnomm\u00e9 : <a href=\"https:\/\/www.sophromeditation.fr\" rel=\"noopener noreferrer\">www.sophromeditation.fr<\/a>\nEn France, les donn\u00e9es personnelles sont notamment prot\u00e9g\u00e9es par la loi n\u00b0 78-87 du 6 janvier 1978, la loi n\u00b0 2004-801 du 6 ao\u00fbt 2004, l\u2019article L. 226-13 du Code p\u00e9nal et la Directive Europ\u00e9enne du 24 octobre 1995.\n\nSur le site <a href=\"https:\/\/www.sophromeditation.fr\" rel=\"noopener noreferrer\">www.sophromeditation.fr<\/a>, le propri\u00e9taire du site ne collecte des informations personnelles relatives \u00e0 l\u2019utilisateur que pour le besoin de certains services propos\u00e9s par le site <a href=\"https:\/\/www.sophromeditation.fr\" rel=\"noopener noreferrer\">www.sophromeditation.fr<\/a>. L\u2019utilisateur fournit ces informations en toute connaissance de cause, notamment lorsqu\u2019il proc\u00e8de par lui-m\u00eame \u00e0 leur saisie. Il est alors pr\u00e9cis\u00e9 \u00e0 l\u2019utilisateur du site <a href=\"https:\/\/www.sophromeditation.fr\" rel=\"noopener noreferrer\">www.sophromeditation.fr<\/a> l\u2019obligation ou non de fournir ces informations.\nConform\u00e9ment aux dispositions des articles 38 et suivants de la loi 78-17 du 6 janvier 1978 relative \u00e0 l\u2019informatique, aux fichiers et aux libert\u00e9s, tout utilisateur dispose d\u2019un droit d\u2019acc\u00e8s, de rectification, de suppression et d\u2019opposition aux donn\u00e9es personnelles le concernant. Pour l\u2019exercer, adressez votre demande \u00e0 <a href=\"https:\/\/www.sophromeditation.fr\" rel=\"noopener noreferrer\">www.sophromeditation.fr<\/a> par email : email du webmaster ou en effectuant sa demande \u00e9crite et sign\u00e9e, accompagn\u00e9e d\u2019une copie du titre d\u2019identit\u00e9 avec signature du titulaire de la pi\u00e8ce, en pr\u00e9cisant l\u2019adresse \u00e0 laquelle la r\u00e9ponse doit \u00eatre envoy\u00e9e.\n\nAucune information personnelle de l\u2019utilisateur du site <a href=\"https:\/\/www.sophromeditation.fr\" rel=\"noopener noreferrer\">www.sophromeditation.fr<\/a> n\u2019est publi\u00e9e \u00e0 l\u2019insu de l\u2019utilisateur, \u00e9chang\u00e9e, transf\u00e9r\u00e9e, c\u00e9d\u00e9e ou vendue sur un support quelconque \u00e0 des tiers. Seule l\u2019hypoth\u00e8se du rachat du site <a href=\"https:\/\/www.sophromeditation.fr\" rel=\"noopener noreferrer\">www.sophromeditation.fr<\/a> \u00e0 le propri\u00e9taire du site et de ses droits permettrait la transmission des dites informations \u00e0 l\u2019\u00e9ventuel acqu\u00e9reur qui serait \u00e0 son tour tenu de la m\u00eame obligation de conservation et de modification des donn\u00e9es vis \u00e0 vis de l\u2019utilisateur du site <a href=\"https:\/\/www.sophromeditation.fr\" rel=\"noopener noreferrer\">www.sophromeditation.fr<\/a>.\n\nLe site <a href=\"https:\/\/www.sophromeditation.fr\" rel=\"noopener noreferrer\">www.sophromeditation.fr<\/a> est en conformit\u00e9 avec le RGPD voir notre politique RGPD NSP.\n\nLes bases de donn\u00e9es sont prot\u00e9g\u00e9es par les dispositions de la loi du 1er juillet 1998 transposant la directive 96\/9 du 11 mars 1996 relative \u00e0 la protection juridique des bases de donn\u00e9es.\n\n<\/div>\n<div class=\"fusion-clearfix\"><\/div>\t\t\t\t\t\t\t\t<\/div>\n\t\t\t\t<\/div>\n\t\t\t\t\t<\/div>\n\t\t<\/div>\n\t\t\t\t\t<\/div>\n\t\t<\/section>\n\t\t\t\t<\/div>\n\t\t","protected":false},"excerpt":{"rendered":"<p>Mentions l\u00e9gales Pr\u00e9sentation du site : Conform\u00e9ment aux dispositions des articles 6-III et 19 de la Loi n\u00b0 2004-575 du 21 juin 2004 pour la Confiance dans l\u2019\u00e9conomie num\u00e9rique, dite L.C.E.N., nous portons \u00e0 la connaissance des utilisateurs et visiteurs du site : www.sophromeditation.fr les informations suivantes : Informations l\u00e9gales : Statut du propri\u00e9taire : [&hellip;]<\/p>\n","protected":false},"author":1,"featured_media":0,"parent":0,"menu_order":0,"comment_status":"closed","ping_status":"closed","template":"","meta":{"ocean_post_layout":"full-screen","ocean_both_sidebars_style":"","ocean_both_sidebars_content_width":0,"ocean_both_sidebars_sidebars_width":0,"ocean_sidebar":"0","ocean_second_sidebar":"0","ocean_disable_margins":"enable","ocean_add_body_class":"","ocean_shortcode_before_top_bar":"","ocean_shortcode_after_top_bar":"","ocean_shortcode_before_header":"","ocean_shortcode_after_header":"","ocean_has_shortcode":"","ocean_shortcode_after_title":"","ocean_shortcode_before_footer_widgets":"","ocean_shortcode_after_footer_widgets":"","ocean_shortcode_before_footer_bottom":"","ocean_shortcode_after_footer_bottom":"","ocean_display_top_bar":"off","ocean_display_header":"default","ocean_header_style":"","ocean_center_header_left_menu":"0","ocean_custom_header_template":"0","ocean_custom_logo":0,"ocean_custom_retina_logo":0,"ocean_custom_logo_max_width":0,"ocean_custom_logo_tablet_max_width":0,"ocean_custom_logo_mobile_max_width":0,"ocean_custom_logo_max_height":0,"ocean_custom_logo_tablet_max_height":0,"ocean_custom_logo_mobile_max_height":0,"ocean_header_custom_menu":"0","ocean_menu_typo_font_family":"0","ocean_menu_typo_font_subset":"","ocean_menu_typo_font_size":0,"ocean_menu_typo_font_size_tablet":0,"ocean_menu_typo_font_size_mobile":0,"ocean_menu_typo_font_size_unit":"px","ocean_menu_typo_font_weight":"","ocean_menu_typo_font_weight_tablet":"","ocean_menu_typo_font_weight_mobile":"","ocean_menu_typo_transform":"","ocean_menu_typo_transform_tablet":"","ocean_menu_typo_transform_mobile":"","ocean_menu_typo_line_height":0,"ocean_menu_typo_line_height_tablet":0,"ocean_menu_typo_line_height_mobile":0,"ocean_menu_typo_line_height_unit":"","ocean_menu_typo_spacing":0,"ocean_menu_typo_spacing_tablet":0,"ocean_menu_typo_spacing_mobile":0,"ocean_menu_typo_spacing_unit":"","ocean_menu_link_color":"","ocean_menu_link_color_hover":"","ocean_menu_link_color_active":"","ocean_menu_link_background":"","ocean_menu_link_hover_background":"","ocean_menu_link_active_background":"","ocean_menu_social_links_bg":"","ocean_menu_social_hover_links_bg":"","ocean_menu_social_links_color":"","ocean_menu_social_hover_links_color":"","ocean_disable_title":"on","ocean_disable_heading":"default","ocean_post_title":"","ocean_post_subheading":"","ocean_post_title_style":"","ocean_post_title_background_color":"","ocean_post_title_background":0,"ocean_post_title_bg_image_position":"","ocean_post_title_bg_image_attachment":"","ocean_post_title_bg_image_repeat":"","ocean_post_title_bg_image_size":"","ocean_post_title_height":0,"ocean_post_title_bg_overlay":0.5,"ocean_post_title_bg_overlay_color":"","ocean_disable_breadcrumbs":"off","ocean_breadcrumbs_color":"","ocean_breadcrumbs_separator_color":"","ocean_breadcrumbs_links_color":"","ocean_breadcrumbs_links_hover_color":"","ocean_display_footer_widgets":"default","ocean_display_footer_bottom":"default","ocean_custom_footer_template":"0","footnotes":""},"class_list":["post-829","page","type-page","status-publish","hentry","entry"],"yoast_head":"<!-- This site is optimized with the Yoast SEO plugin v27.4 - https:\/\/yoast.com\/product\/yoast-seo-wordpress\/ -->\n<title>Mentions l\u00e9gales - Atelier Sophro Meditative<\/title>\n<meta name=\"description\" content=\"Vous trouverez sur cette page les mentions l\u00e9gales de l&#039;Atelier Sophro m\u00e9ditative, V\u00e9ronique Delaunay \u00e0 Bordeaux et ses environs\" \/>\n<meta name=\"robots\" content=\"index, follow, max-snippet:-1, max-image-preview:large, max-video-preview:-1\" \/>\n<link rel=\"canonical\" href=\"https:\/\/sophromeditation.fr\/?page_id=829\" \/>\n<meta property=\"og:locale\" content=\"fr_FR\" \/>\n<meta property=\"og:type\" content=\"article\" \/>\n<meta property=\"og:title\" content=\"Mentions l\u00e9gales - Atelier Sophro Meditative\" \/>\n<meta property=\"og:description\" content=\"Vous trouverez sur cette page les mentions l\u00e9gales de l&#039;Atelier Sophro m\u00e9ditative, V\u00e9ronique Delaunay \u00e0 Bordeaux et ses environs\" \/>\n<meta property=\"og:url\" content=\"https:\/\/sophromeditation.fr\/?page_id=829\" \/>\n<meta property=\"og:site_name\" content=\"Atelier Sophro Meditative\" \/>\n<meta property=\"article:modified_time\" content=\"2022-06-30T10:38:20+00:00\" \/>\n<meta name=\"twitter:card\" content=\"summary_large_image\" \/>\n<meta name=\"twitter:label1\" content=\"Dur\u00e9e de lecture estim\u00e9e\" \/>\n\t<meta name=\"twitter:data1\" content=\"5 minutes\" \/>\n<script type=\"application\/ld+json\" class=\"yoast-schema-graph\">{\"@context\":\"https:\\\/\\\/schema.org\",\"@graph\":[{\"@type\":\"WebPage\",\"@id\":\"https:\\\/\\\/sophromeditation.fr\\\/?page_id=829\",\"url\":\"https:\\\/\\\/sophromeditation.fr\\\/?page_id=829\",\"name\":\"Mentions l\u00e9gales - Atelier Sophro Meditative\",\"isPartOf\":{\"@id\":\"https:\\\/\\\/sophromeditation.fr\\\/#website\"},\"datePublished\":\"2022-04-07T08:25:51+00:00\",\"dateModified\":\"2022-06-30T10:38:20+00:00\",\"description\":\"Vous trouverez sur cette page les mentions l\u00e9gales de l'Atelier Sophro m\u00e9ditative, V\u00e9ronique Delaunay \u00e0 Bordeaux et ses environs\",\"breadcrumb\":{\"@id\":\"https:\\\/\\\/sophromeditation.fr\\\/?page_id=829#breadcrumb\"},\"inLanguage\":\"fr-FR\",\"potentialAction\":[{\"@type\":\"ReadAction\",\"target\":[\"https:\\\/\\\/sophromeditation.fr\\\/?page_id=829\"]}]},{\"@type\":\"BreadcrumbList\",\"@id\":\"https:\\\/\\\/sophromeditation.fr\\\/?page_id=829#breadcrumb\",\"itemListElement\":[{\"@type\":\"ListItem\",\"position\":1,\"name\":\"Accueil\",\"item\":\"https:\\\/\\\/sophromeditation.fr\\\/\"},{\"@type\":\"ListItem\",\"position\":2,\"name\":\"Mentions l\u00e9gales\"}]},{\"@type\":\"WebSite\",\"@id\":\"https:\\\/\\\/sophromeditation.fr\\\/#website\",\"url\":\"https:\\\/\\\/sophromeditation.fr\\\/\",\"name\":\"Atelier Sophro Meditative\",\"description\":\"\",\"potentialAction\":[{\"@type\":\"SearchAction\",\"target\":{\"@type\":\"EntryPoint\",\"urlTemplate\":\"https:\\\/\\\/sophromeditation.fr\\\/?s={search_term_string}\"},\"query-input\":{\"@type\":\"PropertyValueSpecification\",\"valueRequired\":true,\"valueName\":\"search_term_string\"}}],\"inLanguage\":\"fr-FR\"}]}<\/script>\n<!-- \/ Yoast SEO plugin. -->","yoast_head_json":{"title":"Mentions l\u00e9gales - Atelier Sophro Meditative","description":"Vous trouverez sur cette page les mentions l\u00e9gales de l'Atelier Sophro m\u00e9ditative, V\u00e9ronique Delaunay \u00e0 Bordeaux et ses environs","robots":{"index":"index","follow":"follow","max-snippet":"max-snippet:-1","max-image-preview":"max-image-preview:large","max-video-preview":"max-video-preview:-1"},"canonical":"https:\/\/sophromeditation.fr\/?page_id=829","og_locale":"fr_FR","og_type":"article","og_title":"Mentions l\u00e9gales - Atelier Sophro Meditative","og_description":"Vous trouverez sur cette page les mentions l\u00e9gales de l'Atelier Sophro m\u00e9ditative, V\u00e9ronique Delaunay \u00e0 Bordeaux et ses environs","og_url":"https:\/\/sophromeditation.fr\/?page_id=829","og_site_name":"Atelier Sophro Meditative","article_modified_time":"2022-06-30T10:38:20+00:00","twitter_card":"summary_large_image","twitter_misc":{"Dur\u00e9e de lecture estim\u00e9e":"5 minutes"},"schema":{"@context":"https:\/\/schema.org","@graph":[{"@type":"WebPage","@id":"https:\/\/sophromeditation.fr\/?page_id=829","url":"https:\/\/sophromeditation.fr\/?page_id=829","name":"Mentions l\u00e9gales - Atelier Sophro Meditative","isPartOf":{"@id":"https:\/\/sophromeditation.fr\/#website"},"datePublished":"2022-04-07T08:25:51+00:00","dateModified":"2022-06-30T10:38:20+00:00","description":"Vous trouverez sur cette page les mentions l\u00e9gales de l'Atelier Sophro m\u00e9ditative, V\u00e9ronique Delaunay \u00e0 Bordeaux et ses environs","breadcrumb":{"@id":"https:\/\/sophromeditation.fr\/?page_id=829#breadcrumb"},"inLanguage":"fr-FR","potentialAction":[{"@type":"ReadAction","target":["https:\/\/sophromeditation.fr\/?page_id=829"]}]},{"@type":"BreadcrumbList","@id":"https:\/\/sophromeditation.fr\/?page_id=829#breadcrumb","itemListElement":[{"@type":"ListItem","position":1,"name":"Accueil","item":"https:\/\/sophromeditation.fr\/"},{"@type":"ListItem","position":2,"name":"Mentions l\u00e9gales"}]},{"@type":"WebSite","@id":"https:\/\/sophromeditation.fr\/#website","url":"https:\/\/sophromeditation.fr\/","name":"Atelier Sophro Meditative","description":"","potentialAction":[{"@type":"SearchAction","target":{"@type":"EntryPoint","urlTemplate":"https:\/\/sophromeditation.fr\/?s={search_term_string}"},"query-input":{"@type":"PropertyValueSpecification","valueRequired":true,"valueName":"search_term_string"}}],"inLanguage":"fr-FR"}]}},"_links":{"self":[{"href":"https:\/\/sophromeditation.fr\/index.php?rest_route=\/wp\/v2\/pages\/829","targetHints":{"allow":["GET"]}}],"collection":[{"href":"https:\/\/sophromeditation.fr\/index.php?rest_route=\/wp\/v2\/pages"}],"about":[{"href":"https:\/\/sophromeditation.fr\/index.php?rest_route=\/wp\/v2\/types\/page"}],"author":[{"embeddable":true,"href":"https:\/\/sophromeditation.fr\/index.php?rest_route=\/wp\/v2\/users\/1"}],"replies":[{"embeddable":true,"href":"https:\/\/sophromeditation.fr\/index.php?rest_route=%2Fwp%2Fv2%2Fcomments&post=829"}],"version-history":[{"count":0,"href":"https:\/\/sophromeditation.fr\/index.php?rest_route=\/wp\/v2\/pages\/829\/revisions"}],"wp:attachment":[{"href":"https:\/\/sophromeditation.fr\/index.php?rest_route=%2Fwp%2Fv2%2Fmedia&parent=829"}],"curies":[{"name":"wp","href":"https:\/\/api.w.org\/{rel}","templated":true}]}}